{"id":11,"date":"2023-04-06T16:22:40","date_gmt":"2023-04-06T16:22:40","guid":{"rendered":"https:\/\/multiversoproducoes.com\/?page_id=11"},"modified":"2023-09-04T09:40:10","modified_gmt":"2023-09-04T12:40:10","slug":"sobre","status":"publish","type":"page","link":"http:\/\/multiversoproducoes.com\/en\/sobre\/","title":{"rendered":"About"},"content":{"rendered":"<p><strong>Multiverso Produ\u00e7\u00f5es<\/strong> is a Brazilian Production Company focused on auteur-driven films and international coproductions.<\/p>\n\n\n\n<p>Coproduced the feature \"A common crime\" (2020, Berlin) and produced the features \"Rotten boy\" (2021, S\u00e3o Paulo Int'l FF) and \"Who is afraid?\" (2022, DocLisboa)<\/p>\n\n\n\n<p>Currently, produces the series \u201cMulheres pela independ\u00eancia\u201d and the feature \u201cPenal Cordillera\u201d (San Sebastian\u2019s WIP Latam), both in post-production.<\/p>\n\n\n\n<p>Producer of the true crime podcast \"Leila\", which reached n\u00ba 1 on the ranking of most listened podcasts in Spotify Brazil.<\/p>\n\n\n\n<p>Multiverso\u2019s next coproductions include Francisco M\u00e1rquez's \u201cCerro Cor\u00e1\u201d and Mateo Bendesky's \u201cLa Fiebre\u201d, both financed by the Brazilian International Coproduction Fund.<\/p>\n\n\n\n<p>Its slate of projects in development include Madiano Marcheti\u2019s \u201cMother of Gold\u201d (Wouter Barendrecht Award at Rotterdam\u2019s Cinemart) and Ramon Porto Mota\u2019s \u201cThe sun divides\u201d.<\/p>","protected":false},"excerpt":{"rendered":"<p>Multiverso Produ\u00e7\u00f5es \u00e9 uma produtora fundada por Daniel Pech, focada em projetos autorais e coprodu\u00e7\u00f5es internacionais. Foi co-produtora do longa \u201cUm crime em comum\u201d (2020, Festival de Berlim) e produtora dos longas \u201cAs faces do Mao\u201d (2021, Mostra de S\u00e3o Paulo) e \u201cQuem tem medo?\u201d (DocLisboa, 2022). Atualmente, produz a s\u00e9rie \u201cMulheres pela Independ\u00eancia\u201d e [&hellip;]<\/p>\n","protected":false},"author":1,"featured_media":0,"parent":0,"menu_order":0,"comment_status":"closed","ping_status":"closed","template":"sobre.php","meta":{"footnotes":""},"class_list":["post-11","page","type-page","status-publish","hentry"],"_links":{"self":[{"href":"http:\/\/multiversoproducoes.com\/en\/wp-json\/wp\/v2\/pages\/11","targetHints":{"allow":["GET"]}}],"collection":[{"href":"http:\/\/multiversoproducoes.com\/en\/wp-json\/wp\/v2\/pages"}],"about":[{"href":"http:\/\/multiversoproducoes.com\/en\/wp-json\/wp\/v2\/types\/page"}],"author":[{"embeddable":true,"href":"http:\/\/multiversoproducoes.com\/en\/wp-json\/wp\/v2\/users\/1"}],"replies":[{"embeddable":true,"href":"http:\/\/multiversoproducoes.com\/en\/wp-json\/wp\/v2\/comments?post=11"}],"version-history":[{"count":7,"href":"http:\/\/multiversoproducoes.com\/en\/wp-json\/wp\/v2\/pages\/11\/revisions"}],"predecessor-version":[{"id":111,"href":"http:\/\/multiversoproducoes.com\/en\/wp-json\/wp\/v2\/pages\/11\/revisions\/111"}],"wp:attachment":[{"href":"http:\/\/multiversoproducoes.com\/en\/wp-json\/wp\/v2\/media?parent=11"}],"curies":[{"name":"wp","href":"https:\/\/api.w.org\/{rel}","templated":true}]}}